{"id":7,"date":"2026-03-11T08:21:57","date_gmt":"2026-03-11T08:21:57","guid":{"rendered":"http:\/\/www.jn-videowerbung.at\/?page_id=7"},"modified":"2026-03-11T09:49:03","modified_gmt":"2026-03-11T09:49:03","slug":"elementor-7","status":"publish","type":"page","link":"https:\/\/www.jn-videowerbung.at\/","title":{"rendered":"Elementor #7"},"content":{"rendered":"\t\t<div data-elementor-type=\"wp-page\" data-elementor-id=\"7\" class=\"elementor elementor-7\">\n\t\t\t\t<div class=\"elementor-element elementor-element-5991764 e-flex e-con-boxed e-con e-parent\" data-id=\"5991764\" data-element_type=\"container\" data-e-type=\"container\" data-settings=\"{&quot;background_background&quot;:&quot;classic&quot;}\">\n\t\t\t\t\t<div class=\"e-con-inner\">\n\t\t\t\t<div class=\"elementor-element elementor-element-44646cf elementor-widget elementor-widget-image\" data-id=\"44646cf\" data-element_type=\"widget\" data-e-type=\"widget\" data-widget_type=\"image.default\">\n\t\t\t\t\t\t\t\t\t\t\t\t\t\t\t<img decoding=\"async\" width=\"150\" height=\"150\" src=\"https:\/\/www.jn-videowerbung.at\/wp-content\/uploads\/2026\/03\/jn-schwarz-tra-1-150x150.png\" class=\"attachment-thumbnail size-thumbnail wp-image-12\" alt=\"\" \/>\t\t\t\t\t\t\t\t\t\t\t\t\t\t\t<\/div>\n\t\t\t\t\t<\/div>\n\t\t\t\t<\/div>\n\t\t<div class=\"elementor-element elementor-element-4c1d5e2 e-flex e-con-boxed e-con e-parent\" data-id=\"4c1d5e2\" data-element_type=\"container\" data-e-type=\"container\" data-settings=\"{&quot;background_background&quot;:&quot;classic&quot;}\">\n\t\t\t\t\t<div class=\"e-con-inner\">\n\t\t\t\t<div class=\"elementor-element elementor-element-a868418 elementor-widget elementor-widget-html\" data-id=\"a868418\" data-element_type=\"widget\" data-e-type=\"widget\" data-widget_type=\"html.default\">\n\t\t\t\t\t<div data-tf-live=\"01KKDZ9T2TX3J8JN1TG8YM3T95\"><\/div><script src=\"\/\/embed.typeform.com\/next\/embed.js\"><\/script>\t\t\t\t<\/div>\n\t\t\t\t\t<\/div>\n\t\t\t\t<\/div>\n\t\t<div class=\"elementor-element elementor-element-d51c649 e-flex e-con-boxed e-con e-parent\" data-id=\"d51c649\" data-element_type=\"container\" data-e-type=\"container\" data-settings=\"{&quot;background_background&quot;:&quot;classic&quot;}\">\n\t\t\t\t\t<div class=\"e-con-inner\">\n\t\t\t\t<div class=\"elementor-element elementor-element-563dc36 elementor-widget elementor-widget-heading\" data-id=\"563dc36\" data-element_type=\"widget\" data-e-type=\"widget\" data-widget_type=\"heading.default\">\n\t\t\t\t\t<h2 class=\"elementor-heading-title elementor-size-default\">\u00a9 Jn tech GmbH<\/h2>\t\t\t\t<\/div>\n\t\t\t\t\t<\/div>\n\t\t\t\t<\/div>\n\t\t<div class=\"elementor-element elementor-element-0a1a1d5 e-flex e-con-boxed e-con e-parent\" data-id=\"0a1a1d5\" data-element_type=\"container\" data-e-type=\"container\" data-settings=\"{&quot;background_background&quot;:&quot;classic&quot;}\">\n\t\t\t\t\t<div class=\"e-con-inner\">\n\t\t\t\t<div class=\"elementor-element elementor-element-1cbf231 elementor-widget elementor-widget-heading\" data-id=\"1cbf231\" data-element_type=\"widget\" data-e-type=\"widget\" data-widget_type=\"heading.default\">\n\t\t\t\t\t<h2 class=\"elementor-heading-title elementor-size-default\"><p data-start=\"402\" data-end=\"705\">Unsere Premium-LED-Videowall im Wirtschaftspark Ennsdorf bietet Unternehmen eine moderne und aufmerksamkeitsstarke M\u00f6glichkeit, ihre Marke sichtbar zu machen. Der Standort befindet sich direkt an einer stark frequentierten Verkehrsroute und im Zentrum eines wachsenden Wirtschaftsstandortes.<\/p>\n<p data-start=\"707\" data-end=\"868\">Ob Markenaufbau, Recruiting oder Produktwerbung \u2013 mit unserer digitalen Werbefl\u00e4che erreichen Sie t\u00e4glich zahlreiche potenzielle Kund:innen und Gesch\u00e4ftspartner.<\/p><\/h2>\t\t\t\t<\/div>\n\t\t\t\t\t<\/div>\n\t\t\t\t<\/div>\n\t\t<div class=\"elementor-element elementor-element-707dfd8 e-flex e-con-boxed e-con e-parent\" data-id=\"707dfd8\" data-element_type=\"container\" data-e-type=\"container\" data-settings=\"{&quot;background_background&quot;:&quot;classic&quot;}\">\n\t\t\t\t\t<div class=\"e-con-inner\">\n\t\t\t\t<div class=\"elementor-element elementor-element-4646245 elementor-widget elementor-widget-heading\" data-id=\"4646245\" data-element_type=\"widget\" data-e-type=\"widget\" data-widget_type=\"heading.default\">\n\t\t\t\t\t<h2 class=\"elementor-heading-title elementor-size-default\"><a href=\"https:\/\/www.jntech.org\/\">www.jntech.org<\/a><\/h2>\t\t\t\t<\/div>\n\t\t\t\t\t<\/div>\n\t\t\t\t<\/div>\n\t\t<div class=\"elementor-element elementor-element-64e2616 e-flex e-con-boxed e-con e-parent\" data-id=\"64e2616\" data-element_type=\"container\" data-e-type=\"container\" data-settings=\"{&quot;background_background&quot;:&quot;classic&quot;}\">\n\t\t\t\t\t<div class=\"e-con-inner\">\n\t\t\t\t<div class=\"elementor-element elementor-element-98b797a elementor-widget elementor-widget-heading\" data-id=\"98b797a\" data-element_type=\"widget\" data-e-type=\"widget\" data-widget_type=\"heading.default\">\n\t\t\t\t\t<h2 class=\"elementor-heading-title elementor-size-default\"><a href=\"https:\/\/www.jntech.org\/datenschutzerklaerung\">Datenschutz<\/a><\/h2>\t\t\t\t<\/div>\n\t\t\t\t\t<\/div>\n\t\t\t\t<\/div>\n\t\t<div class=\"elementor-element elementor-element-b8de5cc e-flex e-con-boxed e-con e-parent\" data-id=\"b8de5cc\" data-element_type=\"container\" data-e-type=\"container\" data-settings=\"{&quot;background_background&quot;:&quot;classic&quot;}\">\n\t\t\t\t\t<div class=\"e-con-inner\">\n\t\t\t\t<div class=\"elementor-element elementor-element-55f5613 elementor-widget elementor-widget-heading\" data-id=\"55f5613\" data-element_type=\"widget\" data-e-type=\"widget\" data-widget_type=\"heading.default\">\n\t\t\t\t\t<h2 class=\"elementor-heading-title elementor-size-default\"><a href=\"https:\/\/www.jntech.org\/impressum\">Impressum<\/a><\/h2>\t\t\t\t<\/div>\n\t\t\t\t\t<\/div>\n\t\t\t\t<\/div>\n\t\t\t\t<\/div>\n\t\t","protected":false},"excerpt":{"rendered":"<p>\u00a9 Jn tech GmbH Unsere Premium-LED-Videowall im Wirtschaftspark Ennsdorf bietet Unternehmen eine moderne und aufmerksamkeitsstarke M\u00f6glichkeit, ihre Marke sichtbar zu machen. Der Standort befindet sich direkt an einer stark frequentierten Verkehrsroute und im Zentrum eines wachsenden Wirtschaftsstandortes. Ob Markenaufbau, Recruiting oder Produktwerbung \u2013 mit unserer digitalen Werbefl\u00e4che erreichen Sie t\u00e4glich zahlreiche potenzielle Kund:innen und Gesch\u00e4ftspartner. [&hellip;]<\/p>\n","protected":false},"author":1,"featured_media":0,"parent":0,"menu_order":0,"comment_status":"closed","ping_status":"closed","template":"elementor_canvas","meta":{"footnotes":""},"class_list":["post-7","page","type-page","status-publish","hentry"],"_links":{"self":[{"href":"https:\/\/www.jn-videowerbung.at\/index.php?rest_route=\/wp\/v2\/pages\/7","targetHints":{"allow":["GET"]}}],"collection":[{"href":"https:\/\/www.jn-videowerbung.at\/index.php?rest_route=\/wp\/v2\/pages"}],"about":[{"href":"https:\/\/www.jn-videowerbung.at\/index.php?rest_route=\/wp\/v2\/types\/page"}],"author":[{"embeddable":true,"href":"https:\/\/www.jn-videowerbung.at\/index.php?rest_route=\/wp\/v2\/users\/1"}],"replies":[{"embeddable":true,"href":"https:\/\/www.jn-videowerbung.at\/index.php?rest_route=%2Fwp%2Fv2%2Fcomments&post=7"}],"version-history":[{"count":13,"href":"https:\/\/www.jn-videowerbung.at\/index.php?rest_route=\/wp\/v2\/pages\/7\/revisions"}],"predecessor-version":[{"id":30,"href":"https:\/\/www.jn-videowerbung.at\/index.php?rest_route=\/wp\/v2\/pages\/7\/revisions\/30"}],"wp:attachment":[{"href":"https:\/\/www.jn-videowerbung.at\/index.php?rest_route=%2Fwp%2Fv2%2Fmedia&parent=7"}],"curies":[{"name":"wp","href":"https:\/\/api.w.org\/{rel}","templated":true}]}}